{"id":194,"date":"2024-08-17T19:00:37","date_gmt":"2024-08-17T19:00:37","guid":{"rendered":"https:\/\/www.negriserramenti.it\/?page_id=194"},"modified":"2024-08-19T22:26:30","modified_gmt":"2024-08-19T22:26:30","slug":"cookie-e-privacy-policy","status":"publish","type":"page","link":"https:\/\/www.negriserramenti.it\/?page_id=194","title":{"rendered":"Cookie e Privacy Policy"},"content":{"rendered":"\n<p>In ottemperanza degli obblighi derivanti dalla normativa nazionale (D. Lgs 30 giugno 2003 n. 196, Codice in materia di protezione dei Dati Personali) e comunitaria (Regolamento europeo per la protezione dei dati personali n. 679\/2016, GDPR) e successive modifiche, il presente Sito Web rispetta e tutela la riservatezza dei suoi Visitatori ed Utenti, ponendo in essere ogni sforzo possibile e proporzionato per non ledere i diritti degli Utenti medesimi.<\/p>\n\n\n\n<p><strong>TITOLARE&nbsp; DEL TRATTAMENTO<\/strong><\/p>\n\n\n\n<p>Negri Serramenti di Negri Michele &#8211; P.IVA 02725510180 &#8211; tel. 0385 798236 &#8211; email negriserramenti@gmail.com<\/p>\n\n\n\n<p><strong>LUOGO DEL TRATTAMENTO<\/strong><\/p>\n\n\n\n<p>I dati raccolti dal Sito Web sono trattati presso la sede del Titolare del Trattamento: Via Deniri n\u00b0 25 &#8211; 27047 S. Maria della Versa (PV).<\/p>\n\n\n\n<p><strong>DATI RACCOLTI<\/strong><\/p>\n\n\n\n<p><strong>Dati personali<\/strong><\/p>\n\n\n\n<p>I Dati Personali raccolti da questo Sito Web sono: Nome e Cognome, Email, Telefono, Provincia, Tipologia di richiedente (Paziente, Professionista sanitario, Altro).<\/p>\n\n\n\n<p>I Dati sono raccolti utilizzando un form presente nella pagina <a href=\"https:\/\/www.negriserramenti.it\/?page_id=180\">contatti<\/a> di questo Sito Web e vengono trattati se l\u2019Utente acconsente al trattamento dei dati con apposito flag. Il conferimento dei Dati e quindi il Consenso alla raccolta ed al trattamento degli stessi \u00e8 facoltativo,\u00a0tenendo presente che negare il consenso comporta l&#8217;impossibilit\u00e0 di inviare una richiesta di informazioni. Come da normativa vigente, l&#8217;Utente pu\u00f2 revocare in qualsiasi momento un consenso gi\u00e0 fornito.<\/p>\n\n\n\n<p>Qualora l\u2019Utente fornisca Dati Personali per conto di terzi \u00e8 necessario che gli interessati abbiano preso, preventivamente, visione della presente Informativa. L&#8217;Utente si assume quindi la responsabilit\u00e0 dei Dati Personali di terzi pubblicati o condivisi e garantisce di avere il diritto di comunicarli o diffonderli. Si ritengono le informazioni come fornite consapevolmente e volontariamente, esentando il Titolare da qualsiasi responsabilit\u00e0 verso terzi.<\/p>\n\n\n\n<p><strong>Log di sistema e manutenzione<\/strong><\/p>\n\n\n\n<p>I log in informatica sono dei file salvati all&#8217;interno dei siti web e che vengono generati dai server, apparati di rete, router, firewall, ecc. Le informazioni contenute in un file di log possono essere: Indirizzo IP e nome host dell\u2019Utente, Orario in cui le pagine sono state visitate, Numero di pagine aperte, Durata della sessione,&nbsp; Informazioni sulle richieste del client, Motore di ricerca e termini utilizzati, Sistema operativo in uso. Questo Sito Web e gli eventuali servizi terzi da esso utilizzati potrebbero raccogliere log di sistema conformemente alle leggi vigenti in materia, per necessit\u00e0 legate al funzionamento ed alla sicurezza del sito, ma non per l&#8217;identificazione o la profilazione dell&#8217;Utente.<\/p>\n\n\n\n<p><strong>Cookie <\/strong><\/p>\n\n\n\n<p>I Cookie sono file di testo che a differenza dei file di log vengono memorizzati sul dispositivo dell&#8217;Utente. Maggiori informazioni sono disponibili nella sezione dedicata all&#8217;interno di questo documento.<\/p>\n\n\n\n<p><strong>SOGGETTI TITOLARI DEL TRATTAMENTO<\/strong><\/p>\n\n\n\n<p>Titolare del trattamento ai sensi delle leggi vigenti \u00e8 l&#8217;amministratore del sito, Negri Serramenti, contattabile tramite i riferimenti riportati in apertura di questo documento. Il web hosting \u00e8 Fastnom Servizi Internet Srl , P.IVA e C.FISC: 03488920178, <strong>Sede Legale<\/strong> Via Boffalora n\u00b0 4 , 24048 Treviolo (BG) &#8211; Italia, contattabile alla mail <a href=\"mailto:info@fastnom.it\">info@fastnom.it<\/a> ed \u00e8 responsabile del trattamento elettronico dei dati. Per approfondimenti sulla privacy policy del web hosting \u00e8 possibile far riferimento a <a href=\"http:\/\/www.fastnom.it\/privacy.html\">questo link<\/a>.<\/p>\n\n\n\n<p><strong>FINALITA&#8217; DEL TRATTAMENTO<\/strong><\/p>\n\n\n\n<p>I Dati dell\u2019Utente sono raccolti per consentire al Titolare di fornire i propri Servizi, in particolare: per fornire una risposta a richieste effettuate dall\u2019Utente attraverso il form di contatto presente sul Sito Web.<\/p>\n\n\n\n<p><strong>MODALITA&#8217; DI TRATTAMENTO<\/strong><\/p>\n\n\n\n<p>Il Titolare adotta le opportune misure di sicurezza volte ad impedire l\u2019accesso, la divulgazione, la modifica o la distruzione non autorizzate dei Dati Personali. Tutti i Dati sono conservati in modalit\u00e0 web o elettronica sicura e sono accessibili solo previa autenticazione riservata. Oltre al Titolare, in alcuni casi, potrebbero avere accesso ai Dati altri soggetti coinvolti nella gestione di questo Sito Web (fornitori di servizi tecnici terzi, hosting provider).<\/p>\n\n\n\n<p><strong>BASE GIURIDICA DEL TRATTAMENTO<\/strong><\/p>\n\n\n\n<p>Il Titolare tratta i Dati Personali relativi all\u2019Utente nel caso in cui sussista almeno una delle seguenti condizioni:<\/p>\n\n\n\n<ul class=\"wp-block-list\">\n<li>l\u2019Utente ha prestato il consenso per una o pi\u00f9 finalit\u00e0 specifiche;<\/li>\n\n\n\n<li>il trattamento \u00e8 necessario all&#8217;esecuzione di un contratto con l\u2019Utente e\/o all&#8217;esecuzione di misure precontrattuali;<\/li>\n\n\n\n<li>il trattamento \u00e8 necessario per adempiere un obbligo legale al quale \u00e8 soggetto il Titolare;<\/li>\n\n\n\n<li>il trattamento \u00e8 necessario per l&#8217;esecuzione di un compito di interesse pubblico o per l&#8217;esercizio di pubblici poteri di cui \u00e8 investito il Titolare;<\/li>\n\n\n\n<li>il trattamento \u00e8 necessario per il perseguimento del legittimo interesse del Titolare o di terzi.<\/li>\n<\/ul>\n\n\n\n<p>E\u2019 comunque sempre possibile richiedere al Titolare di chiarire la concreta base giuridica di ciascun trattamento ed in particolare di specificare se il trattamento sia basato sulla legge, previsto da un contratto o necessario per concludere un contratto.<\/p>\n\n\n\n<p><strong>PERIODO DI CONSERVAZIONE<\/strong><\/p>\n\n\n\n<p>I Dati raccolti dal Sito Web sono utilizzati esclusivamente per l&#8217;erogazione del servizio richiesto e per il tempo necessario a svolgere le attivit\u00e0 precisate.<\/p>\n\n\n\n<p><strong>DIRITTI DELL&#8217;UTENTE<\/strong><\/p>\n\n\n\n<p>Ai sensi del Regolamento europeo 679\/2016 (GDPR) e della normativa nazionale, l&#8217;Utente pu\u00f2, secondo le modalit\u00e0 e nei limiti previsti dalla vigente normativa, esercitare i seguenti diritti:<\/p>\n\n\n\n<ul class=\"wp-block-list\">\n<li>richiedere la conferma dell&#8217;esistenza di Dati Personali che lo riguardano (diritto di accesso);<\/li>\n\n\n\n<li>conoscerne l&#8217;origine;<\/li>\n\n\n\n<li>riceverne comunicazione intelligibile;<\/li>\n\n\n\n<li>avere informazioni circa la logica, le modalit\u00e0 e le finalit\u00e0 del trattamento;<\/li>\n\n\n\n<li>richiederne l&#8217;aggiornamento, la rettifica, l&#8217;integrazione, la cancellazione, la trasformazione in forma anonima, il blocco dei dati trattati in violazione di legge, ivi compresi quelli non pi\u00f9 necessari al perseguimento degli scopi per i quali sono stati raccolti;<\/li>\n\n\n\n<li>nei casi di trattamento basato su consenso, ricevere al solo costo dell\u2019eventuale supporto, i suoi Dati forniti al Titolare, in forma strutturata e leggibile da un elaboratore di dati ed in un formato comunemente usato da un dispositivo elettronico;<\/li>\n\n\n\n<li>il diritto di presentare un reclamo all\u2019Autorit\u00e0 di controllo (Garante Privacy \u2013 <a href=\"http:\/\/www.garanteprivacy.it\/web\/guest\/home\/docweb\/-\/docweb-display\/docweb\/4535524\">link alla pagina del Garante<\/a>);<\/li>\n<\/ul>\n\n\n\n<p>Le richieste vanno rivolte al Titolare del trattamento.<\/p>\n\n\n\n<p><strong>ULTERIORI INFORMAZIONI<\/strong><\/p>\n\n\n\n<p><strong>Informazioni non contenute in questa policy<\/strong><\/p>\n\n\n\n<p>Ulteriori informazioni in relazione al trattamento dei Dati Personali potranno essere richieste in qualsiasi momento al Titolare del Trattamento utilizzando gli estremi di contatto.<\/p>\n\n\n\n<p><strong>Modifiche a questa privacy policy<\/strong><\/p>\n\n\n\n<p>Il Titolare del Trattamento si riserva il diritto di apportare modifiche alla presente privacy policy in qualunque momento dandone informazione agli Utenti su questa pagina e, se possibile, su questo Sito Web nonch\u00e9, qualora tecnicamente e legalmente fattibile, inviando una notifica agli Utenti attraverso uno degli estremi di contatto di cui \u00e8 in possesso il Titolare. Si prega dunque di consultare regolarmente questa pagina, facendo riferimento alla data di ultima modifica indicata in fondo. Qualora le modifiche interessino trattamenti la cui base giuridica \u00e8 il consenso, il Titolare provveder\u00e0 a raccogliere nuovamente il consenso dell\u2019Utente, se necessario.<\/p>\n\n\n\n<p><strong>INFORMATIVA COOKIE<\/strong><\/p>\n\n\n\n<p><strong>Cosa sono i Cookie<\/strong><br>I Cookie sono file di testo che vengono registrati all&#8217;interno del browser dell&#8217;Utente durante la navigazione dei siti e possono essere utilizzati per: verificare il corretto funzionamento del sito o migliorarne le funzionalit\u00e0, automatizzare le procedure di interazione (es. login, scelta lingua), analizzare la navigazione del sito ed il traffico generato.<\/p>\n\n\n\n<p>I Cookie si suddividono nelle seguenti categorie:<\/p>\n\n\n\n<p><strong>Cookie tecnici: <\/strong>consentono di &#8220;effettuare la trasmissione di una comunicazione su una rete di comunicazione elettronica, o nella misura strettamente necessaria al fornitore di un servizio della societ\u00e0 dell&#8217;informazione esplicitamente richiesto dall&#8217;abbonato o dall&#8217;utente a erogare tale servizio&#8221; (art. 122, comma 1, del Codice).<br><strong>Cookie di profilazione: <\/strong>sono volti a creare profili relativi all&#8217;utente e vengono utilizzati per studiare le abitudini dell&#8217;Utente, anche a fini pubblicitari.<br><strong>Cookie di terze parti: <\/strong>possono essere impostati per vari scopi, ad esempio il monitoraggio degli annunci visualizzati sul sito Web e la raccolta di statistiche.<\/p>\n\n\n\n<p><strong>Durata dei cookie<\/strong><br>I Cookie possono essere:<\/p>\n\n\n\n<ul class=\"wp-block-list\">\n<li>temporanei o di sessione (session cookie): hanno una scadenza breve o vengono eliminati dopo un&#8217;azione specifica come la chiusura del browser.<\/li>\n\n\n\n<li>permanenti (persistent cookie): sono utilizzati per archiviare informazioni e riconoscere i visitatori di ritorno; rimangono memorizzati nel computer anche dopo aver chiuso il browser.<\/li>\n<\/ul>\n\n\n\n<p><strong>Quali Cookie vengono installati<\/strong><\/p>\n\n\n\n<p>Questo Sito Web installa solo cookie di sessione.<\/p>\n\n\n\n<figure class=\"wp-block-table\"><table><tbody><tr><td><strong>Cookie<\/strong><\/td><td><strong>Scadenza<\/strong><\/td><td><strong>Descrizione<\/strong><\/td><\/tr><tr><td>wpEmojiSettingsSupports<\/td><td>sessione<\/td><td>WordPress sets this cookie when a user interacts with emojis on a WordPress site. It helps determine if the user&#8217;s browser can display emojis properly.<\/td><\/tr><\/tbody><\/table><\/figure>\n\n\n\n<p><\/p>\n\n\n\n<p><strong>Come controllare l&#8217;installazione o disabilitare i Cookie<\/strong><\/p>\n\n\n\n<p>L&#8217;Utente pu\u00f2 trovare informazioni su come gestire i Cookie all\u2019interno del proprio browser ai seguenti indirizzi: <a href=\"https:\/\/support.google.com\/chrome\/answer\/95647?hl=it&amp;p=cpn_cookies\">Chrome<\/a>, <a href=\"https:\/\/support.mozilla.org\/it\/kb\/Attivare%20e%20disattivare%20i%20cookie\">Mozilla Firefox<\/a>, <a href=\"https:\/\/support.apple.com\/kb\/PH19214?viewlocale=it_IT&amp;locale=en_US\">Apple Safari<\/a>, <a href=\"http:\/\/windows.microsoft.com\/it-it\/windows-vista\/block-or-allow-cookies\">Microsoft Windows Explorer<\/a> (sono elencati solo i browser pi\u00f9 diffusi).<\/p>\n\n\n\n<p><strong>Informazioni e strumenti aggiuntivi<\/strong><\/p>\n\n\n\n<p>L&#8217;Utente ha a disposizione online strumenti gratuiti per verificare direttamente quali Cookie vengono installati sul proprio dispositivo, come ad esempio (l&#8217;elenco non ha la pretesa di essere esaustivo):<\/p>\n\n\n\n<ul class=\"wp-block-list\">\n<li>Funzione gratuita di Chrome accessibile da: Menu laterale &gt; Altri strumenti &gt; Strumenti per sviluppatori &gt; Cookies<\/li>\n\n\n\n<li>Il sito web <a href=\"https:\/\/www.cookiemetrix.com\/\" target=\"_blank\" rel=\"noreferrer noopener\">www.cookiemetrix.com<\/a><\/li>\n<\/ul>\n\n\n\n<p>Ultimo aggiornamento 16 agosto 2024.<\/p>\n","protected":false},"excerpt":{"rendered":"<p>In ottemperanza degli obblighi derivanti dalla normativa nazionale (D. Lgs 30 giugno 2003 n. 196, Codice in materia di protezione dei Dati Personali) e comunitaria (Regolamento europeo per la protezione &#8230;<\/p>\n","protected":false},"author":1,"featured_media":0,"parent":0,"menu_order":0,"comment_status":"closed","ping_status":"closed","template":"template-fullwidth.php","meta":{"footnotes":""},"class_list":["post-194","page","type-page","status-publish","hentry"],"_links":{"self":[{"href":"https:\/\/www.negriserramenti.it\/index.php?rest_route=\/wp\/v2\/pages\/194","targetHints":{"allow":["GET"]}}],"collection":[{"href":"https:\/\/www.negriserramenti.it\/index.php?rest_route=\/wp\/v2\/pages"}],"about":[{"href":"https:\/\/www.negriserramenti.it\/index.php?rest_route=\/wp\/v2\/types\/page"}],"author":[{"embeddable":true,"href":"https:\/\/www.negriserramenti.it\/index.php?rest_route=\/wp\/v2\/users\/1"}],"replies":[{"embeddable":true,"href":"https:\/\/www.negriserramenti.it\/index.php?rest_route=%2Fwp%2Fv2%2Fcomments&post=194"}],"version-history":[{"count":1,"href":"https:\/\/www.negriserramenti.it\/index.php?rest_route=\/wp\/v2\/pages\/194\/revisions"}],"predecessor-version":[{"id":195,"href":"https:\/\/www.negriserramenti.it\/index.php?rest_route=\/wp\/v2\/pages\/194\/revisions\/195"}],"wp:attachment":[{"href":"https:\/\/www.negriserramenti.it\/index.php?rest_route=%2Fwp%2Fv2%2Fmedia&parent=194"}],"curies":[{"name":"wp","href":"https:\/\/api.w.org\/{rel}","templated":true}]}}